{"id":9188,"date":"2016-01-08T08:55:00","date_gmt":"2016-01-08T07:55:00","guid":{"rendered":"https:\/\/www.blauburgunder.it\/geschichte\/"},"modified":"2025-11-30T02:04:14","modified_gmt":"2025-11-30T01:04:14","slug":"storia","status":"publish","type":"page","link":"https:\/\/www.blauburgunder.it\/it\/storia\/","title":{"rendered":"Storia"},"content":{"rendered":"<h1><strong>Le Giornate del Pinot Nero in Alto Adige<\/strong><\/h1>\n<p>Le Giornate del Pinot Nero in Alto Adige rappresentano la pi\u00f9 importante manifestazione italiana dedicata al Pinot Nero. Dal 1999 si svolgono annualmente in Alto Adige, principalmente a Egna e Montagna, e sono diventate un punto di riferimento per produttori, esperti e appassionati di vino provenienti da tutto il mondo.<\/p>\n<p>L\u2019obiettivo dell\u2019evento \u00e8 valorizzare la qualit\u00e0 e la variet\u00e0 del Pinot Nero altoatesino e confrontarlo con le produzioni nazionali. Al centro della manifestazione ci sono degustazioni, seminari, workshop e incontri con i produttori. Partecipano regolarmente aziende rinomate dell\u2019Alto Adige e di altre regioni italiane.<\/p>\n<p>Un momento centrale \u00e8 il Concorso Nazionale del Pinot Nero, introdotto nel 2001. Una giuria internazionale sotto la guida del Centro Sperimentale Laimburg valuta i vini in degustazioni alla cieca. Viene considerata solo una annata per volta, premiando i Top 5 vini e i vincitori regionali, che vengono poi presentati al pubblico.<\/p>\n<p>Oltre alla degustazione, le Giornate del Pinot Nero promuovono cultura enologica e conoscenza, affrontando temi come terroir, clima, sostenibilit\u00e0 e vinificazione. L\u2019evento \u00e8 accompagnato da attivit\u00e0 collaterali come degustazioni gastronomiche, passeggiate tra i vigneti, visite guidate e programmi culturali nei borghi vinicoli dell\u2019Alto Adige meridionale.<\/p>\n<p>Il team organizzativo \u00e8 formato da produttori e professionisti del mondo del vino che partecipano a titolo volontario alla pianificazione e alla realizzazione dell\u2019evento. Grazie alla loro esperienza e passione, le Giornate del Pinot Nero offrono un\u2019esperienza qualitativa e autentica sia per professionisti che per appassionati.<\/p>\n<h2><strong>Il Pinot Nero in Italia<\/strong><\/h2>\n<p>Non \u00e8 possibile stabilire con precisione la data di introduzione del Pinot Nero in Italia. Secondo Edmund Mach, direttore dell\u2019Istituto Agrario di San Michele all\u2019Adige, le prime viti furono piantate a met\u00e0 del XIX secolo in Alto Adige e Trentino. La variet\u00e0 deriva dalla Vitis vinifera, la cui grande diversit\u00e0 genetica ha prodotto numerose mutazioni. Gi\u00e0 Plinio il Vecchio, nel I secolo d.C., menzionava piante simili, chiamate \u201cVitis Allobrogica\u201d.<\/p>\n<p>Fino agli anni \u201880 il Pinot Nero in Italia aveva un ruolo marginale. Pur essendo noti i rinomati vini della Borgogna, problemi agronomici e tecnici ne ostacolavano la produzione. Vigneti sovraccarichi producevano vini leggeri e poco longevi. In regioni come Toscana, Oltrep\u00f2 Pavese e Franciacorta, i risultati restavano spesso poco rappresentativi della variet\u00e0.<\/p>\n<p>Solo nel Trentino e in alcune vigne selezionate dell\u2019Alto Adige il Pinot Nero esprime la sua vera eleganza e finezza. Oggi in Alto Adige copre pi\u00f9 di 500 ettari, circa il 10% della superficie vitata. Particolarmente degni di nota sono i Pinot Nero dell\u2019Alto Adige meridionale (Buchholz, Mazon, Glen) e di Appiano (Eppan): vini eleganti, con struttura chiara, aromi delicati e forte carattere territoriale.<\/p>\n<p>&nbsp;<\/p>\n","protected":false},"excerpt":{"rendered":"<p>Le Giornate del Pinot Nero in Alto Adige Le Giornate del Pinot Nero in Alto Adige rappresentano la pi\u00f9 importante manifestazione italiana dedicata al Pinot Nero. Dal 1999 si svolgono annualmente in Alto Adige, principalmente a Egna e Montagna, e sono diventate un punto di riferimento per produttori, esperti e appassionati di vino provenienti da [&hellip;]<\/p>\n","protected":false},"author":1,"featured_media":0,"parent":0,"menu_order":7,"comment_status":"closed","ping_status":"closed","template":"template-other.php","meta":{"_acf_changed":false,"footnotes":""},"class_list":["post-9188","page","type-page","status-publish","hentry"],"acf":[],"yoast_head":"<!-- This site is optimized with the Yoast SEO plugin v27.0 - https:\/\/yoast.com\/product\/yoast-seo-wordpress\/ -->\n<title>Storia - Giornate del Pinot Nero - Trentino Alto Adige<\/title>\n<meta name=\"robots\" content=\"index, follow, max-snippet:-1, max-image-preview:large, max-video-preview:-1\" \/>\n<link rel=\"canonical\" href=\"https:\/\/www.blauburgunder.it\/it\/storia\/\" \/>\n<meta property=\"og:locale\" content=\"it_IT\" \/>\n<meta property=\"og:type\" content=\"article\" \/>\n<meta property=\"og:title\" content=\"Storia - Giornate del Pinot Nero - Trentino Alto Adige\" \/>\n<meta property=\"og:description\" content=\"Le Giornate del Pinot Nero in Alto Adige Le Giornate del Pinot Nero in Alto Adige rappresentano la pi\u00f9 importante manifestazione italiana dedicata al Pinot Nero. Dal 1999 si svolgono annualmente in Alto Adige, principalmente a Egna e Montagna, e sono diventate un punto di riferimento per produttori, esperti e appassionati di vino provenienti da [&hellip;]\" \/>\n<meta property=\"og:url\" content=\"https:\/\/www.blauburgunder.it\/it\/storia\/\" \/>\n<meta property=\"og:site_name\" content=\"Giornate del Pinot Nero - Trentino Alto Adige\" \/>\n<meta property=\"article:modified_time\" content=\"2025-11-30T01:04:14+00:00\" \/>\n<script type=\"application\/ld+json\" class=\"yoast-schema-graph\">{\"@context\":\"https:\/\/schema.org\",\"@graph\":[{\"@type\":\"WebPage\",\"@id\":\"https:\/\/www.blauburgunder.it\/it\/storia\/\",\"url\":\"https:\/\/www.blauburgunder.it\/it\/storia\/\",\"name\":\"Storia - Giornate del Pinot Nero - Trentino Alto Adige\",\"isPartOf\":{\"@id\":\"https:\/\/www.blauburgunder.it\/it\/#website\"},\"datePublished\":\"2016-01-08T07:55:00+00:00\",\"dateModified\":\"2025-11-30T01:04:14+00:00\",\"breadcrumb\":{\"@id\":\"https:\/\/www.blauburgunder.it\/it\/storia\/#breadcrumb\"},\"inLanguage\":\"it-IT\",\"potentialAction\":[{\"@type\":\"ReadAction\",\"target\":[\"https:\/\/www.blauburgunder.it\/it\/storia\/\"]}]},{\"@type\":\"BreadcrumbList\",\"@id\":\"https:\/\/www.blauburgunder.it\/it\/storia\/#breadcrumb\",\"itemListElement\":[{\"@type\":\"ListItem\",\"position\":1,\"name\":\"Home\",\"item\":\"https:\/\/www.blauburgunder.it\/it\/\"},{\"@type\":\"ListItem\",\"position\":2,\"name\":\"Storia\"}]},{\"@type\":\"WebSite\",\"@id\":\"https:\/\/www.blauburgunder.it\/it\/#website\",\"url\":\"https:\/\/www.blauburgunder.it\/it\/\",\"name\":\"Giornate del Pinot Nero - Trentino Alto Adige\",\"description\":\"\",\"potentialAction\":[{\"@type\":\"SearchAction\",\"target\":{\"@type\":\"EntryPoint\",\"urlTemplate\":\"https:\/\/www.blauburgunder.it\/it\/?s={search_term_string}\"},\"query-input\":{\"@type\":\"PropertyValueSpecification\",\"valueRequired\":true,\"valueName\":\"search_term_string\"}}],\"inLanguage\":\"it-IT\"}]}<\/script>\n<!-- \/ Yoast SEO plugin. -->","yoast_head_json":{"title":"Storia - Giornate del Pinot Nero - Trentino Alto Adige","robots":{"index":"index","follow":"follow","max-snippet":"max-snippet:-1","max-image-preview":"max-image-preview:large","max-video-preview":"max-video-preview:-1"},"canonical":"https:\/\/www.blauburgunder.it\/it\/storia\/","og_locale":"it_IT","og_type":"article","og_title":"Storia - Giornate del Pinot Nero - Trentino Alto Adige","og_description":"Le Giornate del Pinot Nero in Alto Adige Le Giornate del Pinot Nero in Alto Adige rappresentano la pi\u00f9 importante manifestazione italiana dedicata al Pinot Nero. Dal 1999 si svolgono annualmente in Alto Adige, principalmente a Egna e Montagna, e sono diventate un punto di riferimento per produttori, esperti e appassionati di vino provenienti da [&hellip;]","og_url":"https:\/\/www.blauburgunder.it\/it\/storia\/","og_site_name":"Giornate del Pinot Nero - Trentino Alto Adige","article_modified_time":"2025-11-30T01:04:14+00:00","schema":{"@context":"https:\/\/schema.org","@graph":[{"@type":"WebPage","@id":"https:\/\/www.blauburgunder.it\/it\/storia\/","url":"https:\/\/www.blauburgunder.it\/it\/storia\/","name":"Storia - Giornate del Pinot Nero - Trentino Alto Adige","isPartOf":{"@id":"https:\/\/www.blauburgunder.it\/it\/#website"},"datePublished":"2016-01-08T07:55:00+00:00","dateModified":"2025-11-30T01:04:14+00:00","breadcrumb":{"@id":"https:\/\/www.blauburgunder.it\/it\/storia\/#breadcrumb"},"inLanguage":"it-IT","potentialAction":[{"@type":"ReadAction","target":["https:\/\/www.blauburgunder.it\/it\/storia\/"]}]},{"@type":"BreadcrumbList","@id":"https:\/\/www.blauburgunder.it\/it\/storia\/#breadcrumb","itemListElement":[{"@type":"ListItem","position":1,"name":"Home","item":"https:\/\/www.blauburgunder.it\/it\/"},{"@type":"ListItem","position":2,"name":"Storia"}]},{"@type":"WebSite","@id":"https:\/\/www.blauburgunder.it\/it\/#website","url":"https:\/\/www.blauburgunder.it\/it\/","name":"Giornate del Pinot Nero - Trentino Alto Adige","description":"","potentialAction":[{"@type":"SearchAction","target":{"@type":"EntryPoint","urlTemplate":"https:\/\/www.blauburgunder.it\/it\/?s={search_term_string}"},"query-input":{"@type":"PropertyValueSpecification","valueRequired":true,"valueName":"search_term_string"}}],"inLanguage":"it-IT"}]}},"_links":{"self":[{"href":"https:\/\/www.blauburgunder.it\/it\/wp-json\/wp\/v2\/pages\/9188","targetHints":{"allow":["GET"]}}],"collection":[{"href":"https:\/\/www.blauburgunder.it\/it\/wp-json\/wp\/v2\/pages"}],"about":[{"href":"https:\/\/www.blauburgunder.it\/it\/wp-json\/wp\/v2\/types\/page"}],"author":[{"embeddable":true,"href":"https:\/\/www.blauburgunder.it\/it\/wp-json\/wp\/v2\/users\/1"}],"replies":[{"embeddable":true,"href":"https:\/\/www.blauburgunder.it\/it\/wp-json\/wp\/v2\/comments?post=9188"}],"version-history":[{"count":5,"href":"https:\/\/www.blauburgunder.it\/it\/wp-json\/wp\/v2\/pages\/9188\/revisions"}],"predecessor-version":[{"id":9260,"href":"https:\/\/www.blauburgunder.it\/it\/wp-json\/wp\/v2\/pages\/9188\/revisions\/9260"}],"wp:attachment":[{"href":"https:\/\/www.blauburgunder.it\/it\/wp-json\/wp\/v2\/media?parent=9188"}],"curies":[{"name":"wp","href":"https:\/\/api.w.org\/{rel}","templated":true}]}}