{"id":9311,"date":"2025-12-01T12:12:29","date_gmt":"2025-12-01T11:12:29","guid":{"rendered":"https:\/\/www.blauburgunder.it\/anreise\/"},"modified":"2026-02-01T21:58:58","modified_gmt":"2026-02-01T20:58:58","slug":"anreise","status":"publish","type":"page","link":"https:\/\/www.blauburgunder.it\/it\/anreise\/","title":{"rendered":"Anreise"},"content":{"rendered":"<p>Lo slot di degustazione dura <strong>2 ore<\/strong> e si svolge <strong>con servizio al tavolo<\/strong>.<br \/>\nOgni partecipante riceve <strong>3 bicchieri<\/strong> e pu\u00f2 ordinare e degustare i <strong>vini del libretto di degustazione a Sua scelta<\/strong>.<\/p>\n<p>Poich\u00e9 i posti sono limitati e il programma \u00e8 pianificato con precisione, la <strong>partecipazione \u00e8 possibile solo con una prenotazione online<\/strong>.<\/p>\n<p>Eventuali cancellazioni effettuate entro <strong>marted\u00ec 13 maggio<\/strong> possono essere rimborsate.<br \/>\nCancellazioni effettuate dopo tale data <strong>non sono rimborsabili<\/strong>.<br \/>\nSi prega di inviare le cancellazioni <strong>esclusivamente via e-mail<\/strong> a: <a href=\"mailto:info@blauburgunder.it\">info@blauburgunder.it<\/a><\/p>\n<p>La degustazione si svolger\u00e0 presso il <strong>Kl\u00f6sterle di Laghetti,<\/strong> che dista ca. 10 minuti in macchina dal centro storico di Egna.<br \/>\nLa sala di degustazione dista circa <strong>2 minuti a piedi dal parcheggio<\/strong>. <strong>Non \u00e8 possibile raggiungere direttamente<\/strong> il luogo in auto.<\/p>\n<p><strong>Trasporto pubblico:<br \/>\n<\/strong>La stazione ferroviaria pi\u00f9 vicina \u00e8 quella di <strong>Magr\u00e8<\/strong>.<br \/>\nSi prega di prendere nota che il percorso a piedi dalla stazione dura circa <strong>30 minuti<\/strong> e si snoda <strong>lungo una strada trafficata<\/strong>.<br \/>\nVi chiediamo pertanto di prestare <strong>particolare attenzione<\/strong>.<\/p>\n<p>Poich\u00e8 la struttura <strong>non \u00e8 facilmente accessibile<\/strong> , vi preghiamo di contattarci in anticipo per la visita di <strong>persone con disabilit\u00e0<\/strong>:<br \/>\n\ud83d\udcde +39 335 5967246<\/p>\n<p><iframe loading=\"lazy\" style=\"border: 0;\" src=\"https:\/\/www.google.com\/maps\/embed?pb=!1m18!1m12!1m3!1d2757.0206227301283!2d11.24333971297536!3d46.289564477869945!2m3!1f0!2f0!3f0!3m2!1i1024!2i768!4f13.1!3m3!1m2!1s0x4782812fce890aa3%3A0xa37dfd4f99af1b62!2sOspizio%20di%20San%20Floriano!5e0!3m2!1sit!2sit!4v1769979230679!5m2!1sit!2sit\" width=\"100%\" height=\"600\" allowfullscreen=\"allowfullscreen\"><\/iframe><\/p>\n","protected":false},"excerpt":{"rendered":"<p>Lo slot di degustazione dura 2 ore e si svolge con servizio al tavolo. Ogni partecipante riceve 3 bicchieri e pu\u00f2 ordinare e degustare i vini del libretto di degustazione a Sua scelta. Poich\u00e9 i posti sono limitati e il programma \u00e8 pianificato con precisione, la partecipazione \u00e8 possibile solo con una prenotazione online. Eventuali [&hellip;]<\/p>\n","protected":false},"author":1,"featured_media":0,"parent":0,"menu_order":12,"comment_status":"closed","ping_status":"closed","template":"template-other.php","meta":{"_acf_changed":false,"footnotes":""},"class_list":["post-9311","page","type-page","status-publish","hentry"],"acf":[],"yoast_head":"<!-- This site is optimized with the Yoast SEO plugin v27.0 - https:\/\/yoast.com\/product\/yoast-seo-wordpress\/ -->\n<title>Anreise - Giornate del Pinot Nero - Trentino Alto Adige<\/title>\n<meta name=\"robots\" content=\"index, follow, max-snippet:-1, max-image-preview:large, max-video-preview:-1\" \/>\n<link rel=\"canonical\" href=\"https:\/\/www.blauburgunder.it\/it\/anreise\/\" \/>\n<meta property=\"og:locale\" content=\"it_IT\" \/>\n<meta property=\"og:type\" content=\"article\" \/>\n<meta property=\"og:title\" content=\"Anreise - Giornate del Pinot Nero - Trentino Alto Adige\" \/>\n<meta property=\"og:description\" content=\"Lo slot di degustazione dura 2 ore e si svolge con servizio al tavolo. Ogni partecipante riceve 3 bicchieri e pu\u00f2 ordinare e degustare i vini del libretto di degustazione a Sua scelta. Poich\u00e9 i posti sono limitati e il programma \u00e8 pianificato con precisione, la partecipazione \u00e8 possibile solo con una prenotazione online. Eventuali [&hellip;]\" \/>\n<meta property=\"og:url\" content=\"https:\/\/www.blauburgunder.it\/it\/anreise\/\" \/>\n<meta property=\"og:site_name\" content=\"Giornate del Pinot Nero - Trentino Alto Adige\" \/>\n<meta property=\"article:modified_time\" content=\"2026-02-01T20:58:58+00:00\" \/>\n<script type=\"application\/ld+json\" class=\"yoast-schema-graph\">{\"@context\":\"https:\/\/schema.org\",\"@graph\":[{\"@type\":\"WebPage\",\"@id\":\"https:\/\/www.blauburgunder.it\/it\/anreise\/\",\"url\":\"https:\/\/www.blauburgunder.it\/it\/anreise\/\",\"name\":\"Anreise - Giornate del Pinot Nero - Trentino Alto Adige\",\"isPartOf\":{\"@id\":\"https:\/\/www.blauburgunder.it\/it\/#website\"},\"datePublished\":\"2025-12-01T11:12:29+00:00\",\"dateModified\":\"2026-02-01T20:58:58+00:00\",\"breadcrumb\":{\"@id\":\"https:\/\/www.blauburgunder.it\/it\/anreise\/#breadcrumb\"},\"inLanguage\":\"it-IT\",\"potentialAction\":[{\"@type\":\"ReadAction\",\"target\":[\"https:\/\/www.blauburgunder.it\/it\/anreise\/\"]}]},{\"@type\":\"BreadcrumbList\",\"@id\":\"https:\/\/www.blauburgunder.it\/it\/anreise\/#breadcrumb\",\"itemListElement\":[{\"@type\":\"ListItem\",\"position\":1,\"name\":\"Home\",\"item\":\"https:\/\/www.blauburgunder.it\/it\/\"},{\"@type\":\"ListItem\",\"position\":2,\"name\":\"Anreise\"}]},{\"@type\":\"WebSite\",\"@id\":\"https:\/\/www.blauburgunder.it\/it\/#website\",\"url\":\"https:\/\/www.blauburgunder.it\/it\/\",\"name\":\"Giornate del Pinot Nero - Trentino Alto Adige\",\"description\":\"\",\"potentialAction\":[{\"@type\":\"SearchAction\",\"target\":{\"@type\":\"EntryPoint\",\"urlTemplate\":\"https:\/\/www.blauburgunder.it\/it\/?s={search_term_string}\"},\"query-input\":{\"@type\":\"PropertyValueSpecification\",\"valueRequired\":true,\"valueName\":\"search_term_string\"}}],\"inLanguage\":\"it-IT\"}]}<\/script>\n<!-- \/ Yoast SEO plugin. -->","yoast_head_json":{"title":"Anreise - Giornate del Pinot Nero - Trentino Alto Adige","robots":{"index":"index","follow":"follow","max-snippet":"max-snippet:-1","max-image-preview":"max-image-preview:large","max-video-preview":"max-video-preview:-1"},"canonical":"https:\/\/www.blauburgunder.it\/it\/anreise\/","og_locale":"it_IT","og_type":"article","og_title":"Anreise - Giornate del Pinot Nero - Trentino Alto Adige","og_description":"Lo slot di degustazione dura 2 ore e si svolge con servizio al tavolo. Ogni partecipante riceve 3 bicchieri e pu\u00f2 ordinare e degustare i vini del libretto di degustazione a Sua scelta. Poich\u00e9 i posti sono limitati e il programma \u00e8 pianificato con precisione, la partecipazione \u00e8 possibile solo con una prenotazione online. Eventuali [&hellip;]","og_url":"https:\/\/www.blauburgunder.it\/it\/anreise\/","og_site_name":"Giornate del Pinot Nero - Trentino Alto Adige","article_modified_time":"2026-02-01T20:58:58+00:00","schema":{"@context":"https:\/\/schema.org","@graph":[{"@type":"WebPage","@id":"https:\/\/www.blauburgunder.it\/it\/anreise\/","url":"https:\/\/www.blauburgunder.it\/it\/anreise\/","name":"Anreise - Giornate del Pinot Nero - Trentino Alto Adige","isPartOf":{"@id":"https:\/\/www.blauburgunder.it\/it\/#website"},"datePublished":"2025-12-01T11:12:29+00:00","dateModified":"2026-02-01T20:58:58+00:00","breadcrumb":{"@id":"https:\/\/www.blauburgunder.it\/it\/anreise\/#breadcrumb"},"inLanguage":"it-IT","potentialAction":[{"@type":"ReadAction","target":["https:\/\/www.blauburgunder.it\/it\/anreise\/"]}]},{"@type":"BreadcrumbList","@id":"https:\/\/www.blauburgunder.it\/it\/anreise\/#breadcrumb","itemListElement":[{"@type":"ListItem","position":1,"name":"Home","item":"https:\/\/www.blauburgunder.it\/it\/"},{"@type":"ListItem","position":2,"name":"Anreise"}]},{"@type":"WebSite","@id":"https:\/\/www.blauburgunder.it\/it\/#website","url":"https:\/\/www.blauburgunder.it\/it\/","name":"Giornate del Pinot Nero - Trentino Alto Adige","description":"","potentialAction":[{"@type":"SearchAction","target":{"@type":"EntryPoint","urlTemplate":"https:\/\/www.blauburgunder.it\/it\/?s={search_term_string}"},"query-input":{"@type":"PropertyValueSpecification","valueRequired":true,"valueName":"search_term_string"}}],"inLanguage":"it-IT"}]}},"_links":{"self":[{"href":"https:\/\/www.blauburgunder.it\/it\/wp-json\/wp\/v2\/pages\/9311","targetHints":{"allow":["GET"]}}],"collection":[{"href":"https:\/\/www.blauburgunder.it\/it\/wp-json\/wp\/v2\/pages"}],"about":[{"href":"https:\/\/www.blauburgunder.it\/it\/wp-json\/wp\/v2\/types\/page"}],"author":[{"embeddable":true,"href":"https:\/\/www.blauburgunder.it\/it\/wp-json\/wp\/v2\/users\/1"}],"replies":[{"embeddable":true,"href":"https:\/\/www.blauburgunder.it\/it\/wp-json\/wp\/v2\/comments?post=9311"}],"version-history":[{"count":2,"href":"https:\/\/www.blauburgunder.it\/it\/wp-json\/wp\/v2\/pages\/9311\/revisions"}],"predecessor-version":[{"id":9313,"href":"https:\/\/www.blauburgunder.it\/it\/wp-json\/wp\/v2\/pages\/9311\/revisions\/9313"}],"wp:attachment":[{"href":"https:\/\/www.blauburgunder.it\/it\/wp-json\/wp\/v2\/media?parent=9311"}],"curies":[{"name":"wp","href":"https:\/\/api.w.org\/{rel}","templated":true}]}}